{"id":2439,"date":"2025-06-17T11:40:15","date_gmt":"2025-06-17T09:40:15","guid":{"rendered":"https:\/\/hotel-sanary.fr\/sanary-sur-mer\/"},"modified":"2025-09-08T10:59:48","modified_gmt":"2025-09-08T08:59:48","slug":"sanary-sur-mer","status":"publish","type":"page","link":"https:\/\/hotel-sanary.fr\/de\/sanary-sur-mer\/","title":{"rendered":"Sanary sur mer"},"content":{"rendered":"\t\t<div data-elementor-type=\"wp-page\" data-elementor-id=\"2439\" class=\"elementor elementor-2439 elementor-896\" data-elementor-settings=\"{&quot;element_pack_global_tooltip_width&quot;:{&quot;unit&quot;:&quot;px&quot;,&quot;size&quot;:&quot;&quot;,&quot;sizes&quot;:[]},&quot;element_pack_global_tooltip_width_tablet&quot;:{&quot;unit&quot;:&quot;px&quot;,&quot;size&quot;:&quot;&quot;,&quot;sizes&quot;:[]},&quot;element_pack_global_tooltip_width_mobile&quot;:{&quot;unit&quot;:&quot;px&quot;,&quot;size&quot;:&quot;&quot;,&quot;sizes&quot;:[]},&quot;element_pack_global_tooltip_padding&quot;:{&quot;unit&quot;:&quot;px&quot;,&quot;top&quot;:&quot;&quot;,&quot;right&quot;:&quot;&quot;,&quot;bottom&quot;:&quot;&quot;,&quot;left&quot;:&quot;&quot;,&quot;isLinked&quot;:true},&quot;element_pack_global_tooltip_padding_tablet&quot;:{&quot;unit&quot;:&quot;px&quot;,&quot;top&quot;:&quot;&quot;,&quot;right&quot;:&quot;&quot;,&quot;bottom&quot;:&quot;&quot;,&quot;left&quot;:&quot;&quot;,&quot;isLinked&quot;:true},&quot;element_pack_global_tooltip_padding_mobile&quot;:{&quot;unit&quot;:&quot;px&quot;,&quot;top&quot;:&quot;&quot;,&quot;right&quot;:&quot;&quot;,&quot;bottom&quot;:&quot;&quot;,&quot;left&quot;:&quot;&quot;,&quot;isLinked&quot;:true},&quot;element_pack_global_tooltip_border_radius&quot;:{&quot;unit&quot;:&quot;px&quot;,&quot;top&quot;:&quot;&quot;,&quot;right&quot;:&quot;&quot;,&quot;bottom&quot;:&quot;&quot;,&quot;left&quot;:&quot;&quot;,&quot;isLinked&quot;:true},&quot;element_pack_global_tooltip_border_radius_tablet&quot;:{&quot;unit&quot;:&quot;px&quot;,&quot;top&quot;:&quot;&quot;,&quot;right&quot;:&quot;&quot;,&quot;bottom&quot;:&quot;&quot;,&quot;left&quot;:&quot;&quot;,&quot;isLinked&quot;:true},&quot;element_pack_global_tooltip_border_radius_mobile&quot;:{&quot;unit&quot;:&quot;px&quot;,&quot;top&quot;:&quot;&quot;,&quot;right&quot;:&quot;&quot;,&quot;bottom&quot;:&quot;&quot;,&quot;left&quot;:&quot;&quot;,&quot;isLinked&quot;:true}}\" data-elementor-post-type=\"page\">\n\t\t\t\t<div class=\"elementor-element elementor-element-392c3d1 e-con-full e-flex e-con e-parent\" data-id=\"392c3d1\" data-element_type=\"container\" data-e-type=\"container\" data-settings=\"{&quot;background_background&quot;:&quot;classic&quot;}\">\n\t\t\t\t<div class=\"elementor-element elementor-element-28008b9 elementor-widget elementor-widget-html\" data-id=\"28008b9\" data-element_type=\"widget\" data-e-type=\"widget\" data-widget_type=\"html.default\">\n\t\t\t\t<div class=\"elementor-widget-container\">\n\t\t\t\t\t<iframe src=\"https:\/\/www.google.com\/maps\/embed?pb=!1m18!1m12!1m3!1d9813.917581856414!2d5.8098781!3d43.1187666!2m3!1f0!2f0!3f0!3m2!1i1024!2i768!4f13.1!3m3!1m2!1s0x12c906a6c9369fa3%3A0x597df8210a77bb1f!2sH%C3%B4tel%20Best%20Western%20Plus%20Sanary!5e1!3m2!1sfr!2sfr!4v1757321279726!5m2!1sfr!2sfr\" width=\"600\" height=\"500\" style=\"border:0;\" allowfullscreen=\"\" loading=\"lazy\" referrerpolicy=\"no-referrer-when-downgrade\"><\/iframe>\t\t\t\t<\/div>\n\t\t\t\t<\/div>\n\t\t\t\t<\/div>\n\t\t<div class=\"elementor-element elementor-element-92c92fc e-flex e-con-boxed e-con e-parent\" data-id=\"92c92fc\" data-element_type=\"container\" data-e-type=\"container\" data-settings=\"{&quot;background_background&quot;:&quot;classic&quot;}\">\n\t\t\t\t\t<div class=\"e-con-inner\">\n\t\t\t\t<div class=\"elementor-element elementor-element-7f8f235 elementor-widget__width-initial elementor-invisible elementor-widget elementor-widget-heading\" data-id=\"7f8f235\" data-element_type=\"widget\" data-e-type=\"widget\" data-settings=\"{&quot;_animation_delay&quot;:250,&quot;_animation&quot;:&quot;fadeInUp&quot;}\" data-widget_type=\"heading.default\">\n\t\t\t\t<div class=\"elementor-widget-container\">\n\t\t\t\t\t<h1 class=\"elementor-heading-title elementor-size-default\">ENTDECKEN SIE SANARY SUR MER MIT EINEM TOURISTISCHEN AUFENTHALT<\/h1>\t\t\t\t<\/div>\n\t\t\t\t<\/div>\n\t\t\t\t<div class=\"elementor-element elementor-element-6942630 elementor-widget elementor-widget-heading\" data-id=\"6942630\" data-element_type=\"widget\" data-e-type=\"widget\" data-widget_type=\"heading.default\">\n\t\t\t\t<div class=\"elementor-widget-container\">\n\t\t\t\t\t<h3 class=\"elementor-heading-title elementor-size-default\">Provence zwischen Meer und Weinbergen<\/h3>\t\t\t\t<\/div>\n\t\t\t\t<\/div>\n\t\t\t\t\t<\/div>\n\t\t\t\t<\/div>\n\t\t<div class=\"elementor-element elementor-element-185509e e-flex e-con-boxed e-con e-parent\" data-id=\"185509e\" data-element_type=\"container\" data-e-type=\"container\" data-settings=\"{&quot;background_background&quot;:&quot;classic&quot;}\">\n\t\t\t\t\t<div class=\"e-con-inner\">\n\t\t<div class=\"elementor-element elementor-element-e562250 e-con-full e-flex elementor-invisible e-con e-child\" data-id=\"e562250\" data-element_type=\"container\" data-e-type=\"container\" data-settings=\"{&quot;animation&quot;:&quot;slideInRight&quot;}\">\n\t\t\t\t<div class=\"elementor-element elementor-element-2d8024f elementor-widget elementor-widget-text-editor\" data-id=\"2d8024f\" data-element_type=\"widget\" data-e-type=\"widget\" data-widget_type=\"text-editor.default\">\n\t\t\t\t<div class=\"elementor-widget-container\">\n\t\t\t\t\t\t\t\t\t<div class=\"text gs_reveal max-w-screen-md mx-auto lazy-content-text px-4 sm:px-0\"><main><\/main><section class=\"mosaic-lego\"><div class=\"\"><div class=\"grid grid-cols-1 gap-10 max-w-screen-lg mt-0 mb-0 mx-auto sm:grid-cols-2 lg:grid-cols-2 css-columns-2\"><div class=\"gs_reveal gs_reveal_fromRight text px-4 sm:pt-0 sm:px-0 justify-center flex flex-col space-y-4 sm:col-start-2 sm:col-end-3 sm:pt-24 sm:pb-24\"><p>Sanary sur mer ist ein idealer Ort zum Entspannen, den man bei einem Spaziergang entlang der K\u00fcstenwege, auf der Sonnenterrasse oder durch die historischen St\u00e4tten entdecken kann.<\/p><p>Nur wenige Schritte vom Hafen entfernt und in der N\u00e4he des Strandes oder der Kunst der Landschaften, Festivals und farbenfrohen M\u00e4rkte werden Sie die Authentizit\u00e4t der Provence entdecken lassen, wir begr\u00fc\u00dfen Sie im Drei-Sterne-Komfort f\u00fcr Ihre Entspannung.<\/p><p>Zwischen dem Meer und den Weinbergen gelegen, ist Sanary sur mer der ideale Ort f\u00fcr diejenigen, die feine Sandstr\u00e4nde, sonnige Buchten und einen lebhaften Hafen lieben. Diese Natursch\u00f6nheiten machen es zu einem <span style=\"text-decoration: underline;\">beliebten Urlaubsziel<\/span>, nahe gelegene St\u00e4dte und am Mittwochmorgen zieht der gr\u00f6\u00dfte Markt auch viele Reiseziele der Welt an. <\/p><\/div><\/div><\/div><\/section><\/div><div class=\"lazy-slider-grayscale container mx-auto\"><div class=\"swiper swiper-initialized swiper-horizontal swiper-pointer-events swiper-backface-hidden\"><div id=\"swiper-wrapper-4b803910113b11010b5\" class=\"swiper-wrapper\" aria-live=\"polite\"><div class=\"swiper-slide [&amp;.swiper-slide-active_img]:grayscale-0 swiper-slide-duplicate swiper-slide-duplicate-next\" role=\"group\" data-swiper-slide-index=\"0\" aria-label=\"1 \/ 3\"><a class=\"relative block\" href=\"https:\/\/www.hotelhw.com\/offres\"><picture class=\"h-96 object-cover w-full\"><source srcset=\"https:\/\/d2br7mpzbkes5b.cloudfront.net\/cache\/img\/holidays-work-hotel-petit-dejeuner-191552-768-396-crop.jpg?q=1701353239, https:\/\/d2br7mpzbkes5b.cloudfront.net\/cache\/img\/holidays-work-hotel-petit-dejeuner-191552-1536-792-crop.jpg?q=1701353239 2x\" media=\"(max-width: 767px)\"><\/source><source srcset=\"https:\/\/d2br7mpzbkes5b.cloudfront.net\/cache\/img\/holidays-work-hotel-petit-dejeuner-191552-260-396-crop.jpg?q=1701353239, https:\/\/d2br7mpzbkes5b.cloudfront.net\/cache\/img\/holidays-work-hotel-petit-dejeuner-191552-520-792-crop.jpg?q=1701353239 2x\" media=\"(min-width: 768px) and (max-width: 1024px)\"><\/source><\/picture><\/a><\/div><\/div><\/div><\/div>\t\t\t\t\t\t\t\t<\/div>\n\t\t\t\t<\/div>\n\t\t\t\t<\/div>\n\t\t\t\t\t<\/div>\n\t\t\t\t<\/div>\n\t\t<div class=\"elementor-element elementor-element-d29e767 e-flex e-con-boxed e-con e-parent\" data-id=\"d29e767\" data-element_type=\"container\" data-e-type=\"container\" data-settings=\"{&quot;background_background&quot;:&quot;classic&quot;}\">\n\t\t\t\t\t<div class=\"e-con-inner\">\n\t\t\t\t\t<\/div>\n\t\t\t\t<\/div>\n\t\t<div class=\"elementor-element elementor-element-79b0b27 e-flex e-con-boxed e-con e-parent\" data-id=\"79b0b27\" data-element_type=\"container\" data-e-type=\"container\" data-settings=\"{&quot;background_background&quot;:&quot;classic&quot;}\">\n\t\t\t\t\t<div class=\"e-con-inner\">\n\t\t<div class=\"elementor-element elementor-element-573790a e-con-full e-flex elementor-invisible e-con e-child\" data-id=\"573790a\" data-element_type=\"container\" data-e-type=\"container\" data-settings=\"{&quot;animation&quot;:&quot;slideInRight&quot;}\">\n\t\t\t\t<div class=\"elementor-element elementor-element-57569d7 elementor-widget__width-initial elementor-invisible elementor-widget elementor-widget-heading\" data-id=\"57569d7\" data-element_type=\"widget\" data-e-type=\"widget\" data-settings=\"{&quot;_animation_delay&quot;:250,&quot;_animation&quot;:&quot;fadeInUp&quot;}\" data-widget_type=\"heading.default\">\n\t\t\t\t<div class=\"elementor-widget-container\">\n\t\t\t\t\t<h2 class=\"elementor-heading-title elementor-size-default\">Lage und Hauptzugang zu Sanary sur mer<\/h2>\t\t\t\t<\/div>\n\t\t\t\t<\/div>\n\t\t<div class=\"elementor-element elementor-element-9b5fc7d e-con-full e-flex e-con e-child\" data-id=\"9b5fc7d\" data-element_type=\"container\" data-e-type=\"container\">\n\t\t<div class=\"elementor-element elementor-element-24288d4 e-con-full e-flex e-con e-child\" data-id=\"24288d4\" data-element_type=\"container\" data-e-type=\"container\">\n\t\t\t\t<div class=\"elementor-element elementor-element-e725d62 elementor-widget elementor-widget-image\" data-id=\"e725d62\" data-element_type=\"widget\" data-e-type=\"widget\" data-widget_type=\"image.default\">\n\t\t\t\t<div class=\"elementor-widget-container\">\n\t\t\t\t\t\t\t\t\t\t\t\t\t\t\t<img decoding=\"async\" src=\"https:\/\/hotelhw.com\/wp-content\/uploads\/2025\/06\/holidays-work-hotel-sanary-sur-mer-193150-682-1200-portrait.svg\" title=\"\" alt=\"\" loading=\"lazy\" \/>\t\t\t\t\t\t\t\t\t\t\t\t\t\t\t<\/div>\n\t\t\t\t<\/div>\n\t\t\t\t<div class=\"elementor-element elementor-element-3a58d13 elementor-widget elementor-widget-heading\" data-id=\"3a58d13\" data-element_type=\"widget\" data-e-type=\"widget\" data-widget_type=\"heading.default\">\n\t\t\t\t<div class=\"elementor-widget-container\">\n\t\t\t\t\t<h3 class=\"elementor-heading-title elementor-size-default\">ABSTAND<\/h3>\t\t\t\t<\/div>\n\t\t\t\t<\/div>\n\t\t\t\t<div class=\"elementor-element elementor-element-dc0e1ab elementor-widget elementor-widget-text-editor\" data-id=\"dc0e1ab\" data-element_type=\"widget\" data-e-type=\"widget\" data-widget_type=\"text-editor.default\">\n\t\t\t\t<div class=\"elementor-widget-container\">\n\t\t\t\t\t\t\t\t\t<p>Sanary ist 152 km von Avignon , 370 km von Lyon ,<br>56 km von Marseille, 161 km von Nizza, 830 km von Paris, 81 km von St. Tropez und 11 km von Toulon entfernt.<\/p>\t\t\t\t\t\t\t\t<\/div>\n\t\t\t\t<\/div>\n\t\t\t\t<\/div>\n\t\t<div class=\"elementor-element elementor-element-4efef67 e-con-full e-flex e-con e-child\" data-id=\"4efef67\" data-element_type=\"container\" data-e-type=\"container\">\n\t\t\t\t<div class=\"elementor-element elementor-element-ad380d8 elementor-widget elementor-widget-image\" data-id=\"ad380d8\" data-element_type=\"widget\" data-e-type=\"widget\" data-widget_type=\"image.default\">\n\t\t\t\t<div class=\"elementor-widget-container\">\n\t\t\t\t\t\t\t\t\t\t\t\t\t\t\t<img decoding=\"async\" src=\"https:\/\/hotelhw.com\/wp-content\/uploads\/2025\/06\/holidays-work-hotel-sanary-sur-mer-193151-682-1200-portrait.svg\" title=\"\" alt=\"\" loading=\"lazy\" \/>\t\t\t\t\t\t\t\t\t\t\t\t\t\t\t<\/div>\n\t\t\t\t<\/div>\n\t\t\t\t<div class=\"elementor-element elementor-element-ae9b8c2 elementor-widget elementor-widget-heading\" data-id=\"ae9b8c2\" data-element_type=\"widget\" data-e-type=\"widget\" data-widget_type=\"heading.default\">\n\t\t\t\t<div class=\"elementor-widget-container\">\n\t\t\t\t\t<h3 class=\"elementor-heading-title elementor-size-default\">ZUG<\/h3>\t\t\t\t<\/div>\n\t\t\t\t<\/div>\n\t\t\t\t<div class=\"elementor-element elementor-element-f7815e7 elementor-widget elementor-widget-text-editor\" data-id=\"f7815e7\" data-element_type=\"widget\" data-e-type=\"widget\" data-widget_type=\"text-editor.default\">\n\t\t\t\t<div class=\"elementor-widget-container\">\n\t\t\t\t\t\t\t\t\t<p>Viele TGV-Fl\u00fcge zwischen Paris, Marseille (3 Stunden) und Toulon (4 Stunden). Mit Regionalexpressz\u00fcgen erreichen Sie den Bahnhof Marseille Ollioules \u2013 Sanary in weniger als einer Dreiviertelstunde und Toulon in genau 10 Minuten. <\/p><p>Der TER-Bahnhof Sanary-Ollioules ist nur 5 Minuten entfernt und den TGV-Bahnhof Toulon erreichen Sie nach 15 Minuten. Die Stadt ist der Ausgangspunkt des K\u00fcstenradwegs V65, eines 130 km langen Radwegs, der Sie \u00fcber Saint-Tropez nach Saint-Rapha\u00ebl f\u00fchrt. <\/p>\t\t\t\t\t\t\t\t<\/div>\n\t\t\t\t<\/div>\n\t\t\t\t<\/div>\n\t\t<div class=\"elementor-element elementor-element-0554777 e-con-full e-flex e-con e-child\" data-id=\"0554777\" data-element_type=\"container\" data-e-type=\"container\">\n\t\t\t\t<div class=\"elementor-element elementor-element-25f11ee elementor-widget elementor-widget-image\" data-id=\"25f11ee\" data-element_type=\"widget\" data-e-type=\"widget\" data-widget_type=\"image.default\">\n\t\t\t\t<div class=\"elementor-widget-container\">\n\t\t\t\t\t\t\t\t\t\t\t\t\t\t\t<img decoding=\"async\" src=\"https:\/\/hotelhw.com\/wp-content\/uploads\/2025\/06\/holidays-work-hotel-sanary-sur-mer-193152-682-1200-portrait.svg\" title=\"\" alt=\"\" loading=\"lazy\" \/>\t\t\t\t\t\t\t\t\t\t\t\t\t\t\t<\/div>\n\t\t\t\t<\/div>\n\t\t\t\t<div class=\"elementor-element elementor-element-5a87edb elementor-widget elementor-widget-heading\" data-id=\"5a87edb\" data-element_type=\"widget\" data-e-type=\"widget\" data-widget_type=\"heading.default\">\n\t\t\t\t<div class=\"elementor-widget-container\">\n\t\t\t\t\t<h3 class=\"elementor-heading-title elementor-size-default\">ZUGANG<\/h3>\t\t\t\t<\/div>\n\t\t\t\t<\/div>\n\t\t\t\t<div class=\"elementor-element elementor-element-a40d39c elementor-widget elementor-widget-text-editor\" data-id=\"a40d39c\" data-element_type=\"widget\" data-e-type=\"widget\" data-widget_type=\"text-editor.default\">\n\t\t\t\t<div class=\"elementor-widget-container\">\n\t\t\t\t\t\t\t\t\t<p>\u00dcber die Autobahn A7 Sonne, von Paris nach Aix-en-Provence, dann die Autobahn A50, die Aix Sanary (45mm) verbindet, Ausfahrt Bandol.<\/p><p>Auch von Marseille \u2013 Provence Airport 13727 Marignane.: 04 42 14 20 20<br>Sanary 1 Stunde Fahrt.<\/p><p>Und der Regionalflughafen von Hy\u00e8res \u2013 Toulon 55 mm Sanary<br>Mobil: 0825 01 83 87<\/p>\t\t\t\t\t\t\t\t<\/div>\n\t\t\t\t<\/div>\n\t\t\t\t<\/div>\n\t\t\t\t<\/div>\n\t\t\t\t<\/div>\n\t\t\t\t\t<\/div>\n\t\t\t\t<\/div>\n\t\t\t\t<\/div>\n\t\t","protected":false},"excerpt":{"rendered":"<p>ENTDECKEN SIE SANARY SUR MER MIT EINEM TOURISTISCHEN AUFENTHALT Provence zwischen Meer und Weinbergen Sanary sur mer ist ein idealer Ort zum Entspannen, den man bei einem Spaziergang entlang der K\u00fcstenwege, auf der Sonnenterrasse oder durch die historischen St\u00e4tten entdecken kann. Nur wenige Schritte vom Hafen entfernt und in der N\u00e4he des Strandes oder der [&hellip;]<\/p>\n","protected":false},"author":1,"featured_media":0,"parent":0,"menu_order":0,"comment_status":"closed","ping_status":"closed","template":"","meta":{"_acf_changed":false,"footnotes":""},"class_list":["post-2439","page","type-page","status-publish","hentry"],"acf":[],"yoast_head":"<!-- This site is optimized with the Yoast SEO plugin v27.4 - https:\/\/yoast.com\/product\/yoast-seo-wordpress\/ -->\n<title>Entdecken Sie Sanary sur Mer mit dem Best Western Plus Sanary Hotel<\/title>\n<meta name=\"description\" content=\"Das Best Western Plus befindet sich im Herzen von Sanary sur mer, einem idealen Ort zum Entspannen, den Sie bei einem Spaziergang entlang der K\u00fcstenwege auf der sonnigen Terrasse entdecken k\u00f6nnen.\" \/>\n<meta name=\"robots\" content=\"index, follow, max-snippet:-1, max-image-preview:large, max-video-preview:-1\" \/>\n<link rel=\"canonical\" href=\"https:\/\/hotel-sanary.fr\/de\/sanary-sur-mer\/\" \/>\n<meta property=\"og:locale\" content=\"de_DE\" \/>\n<meta property=\"og:type\" content=\"article\" \/>\n<meta property=\"og:title\" content=\"Entdecken Sie Sanary sur Mer mit dem Best Western Plus Sanary Hotel\" \/>\n<meta property=\"og:description\" content=\"Das Best Western Plus befindet sich im Herzen von Sanary sur mer, einem idealen Ort zum Entspannen, den Sie bei einem Spaziergang entlang der K\u00fcstenwege auf der sonnigen Terrasse entdecken k\u00f6nnen.\" \/>\n<meta property=\"og:url\" content=\"https:\/\/hotel-sanary.fr\/de\/sanary-sur-mer\/\" \/>\n<meta property=\"og:site_name\" content=\"Best Western Plus Sanary-sur-mer\" \/>\n<meta property=\"article:modified_time\" content=\"2025-09-08T08:59:48+00:00\" \/>\n<meta property=\"og:image\" content=\"https:\/\/hotelhw.com\/wp-content\/uploads\/2025\/06\/holidays-work-hotel-sanary-sur-mer-193150-682-1200-portrait.svg\" \/>\n<meta name=\"twitter:card\" content=\"summary_large_image\" \/>\n<meta name=\"twitter:label1\" content=\"Gesch\u00e4tzte Lesezeit\" \/>\n\t<meta name=\"twitter:data1\" content=\"1\u00a0Minute\" \/>\n<script type=\"application\/ld+json\" class=\"yoast-schema-graph\">{\"@context\":\"https:\\\/\\\/schema.org\",\"@graph\":[{\"@type\":\"WebPage\",\"@id\":\"https:\\\/\\\/hotel-sanary.fr\\\/de\\\/sanary-sur-mer\\\/\",\"url\":\"https:\\\/\\\/hotel-sanary.fr\\\/de\\\/sanary-sur-mer\\\/\",\"name\":\"Entdecken Sie Sanary sur Mer mit dem Best Western Plus Sanary Hotel\",\"isPartOf\":{\"@id\":\"https:\\\/\\\/hotel-sanary.fr\\\/de\\\/#website\"},\"primaryImageOfPage\":{\"@id\":\"https:\\\/\\\/hotel-sanary.fr\\\/de\\\/sanary-sur-mer\\\/#primaryimage\"},\"image\":{\"@id\":\"https:\\\/\\\/hotel-sanary.fr\\\/de\\\/sanary-sur-mer\\\/#primaryimage\"},\"thumbnailUrl\":\"https:\\\/\\\/hotelhw.com\\\/wp-content\\\/uploads\\\/2025\\\/06\\\/holidays-work-hotel-sanary-sur-mer-193150-682-1200-portrait.svg\",\"datePublished\":\"2025-06-17T09:40:15+00:00\",\"dateModified\":\"2025-09-08T08:59:48+00:00\",\"description\":\"Das Best Western Plus befindet sich im Herzen von Sanary sur mer, einem idealen Ort zum Entspannen, den Sie bei einem Spaziergang entlang der K\u00fcstenwege auf der sonnigen Terrasse entdecken k\u00f6nnen.\",\"breadcrumb\":{\"@id\":\"https:\\\/\\\/hotel-sanary.fr\\\/de\\\/sanary-sur-mer\\\/#breadcrumb\"},\"inLanguage\":\"de\",\"potentialAction\":[{\"@type\":\"ReadAction\",\"target\":[\"https:\\\/\\\/hotel-sanary.fr\\\/de\\\/sanary-sur-mer\\\/\"]}]},{\"@type\":\"ImageObject\",\"inLanguage\":\"de\",\"@id\":\"https:\\\/\\\/hotel-sanary.fr\\\/de\\\/sanary-sur-mer\\\/#primaryimage\",\"url\":\"https:\\\/\\\/hotelhw.com\\\/wp-content\\\/uploads\\\/2025\\\/06\\\/holidays-work-hotel-sanary-sur-mer-193150-682-1200-portrait.svg\",\"contentUrl\":\"https:\\\/\\\/hotelhw.com\\\/wp-content\\\/uploads\\\/2025\\\/06\\\/holidays-work-hotel-sanary-sur-mer-193150-682-1200-portrait.svg\"},{\"@type\":\"BreadcrumbList\",\"@id\":\"https:\\\/\\\/hotel-sanary.fr\\\/de\\\/sanary-sur-mer\\\/#breadcrumb\",\"itemListElement\":[{\"@type\":\"ListItem\",\"position\":1,\"name\":\"Accueil\",\"item\":\"https:\\\/\\\/hotel-sanary.fr\\\/de\\\/best-western-plus-sanary-sur-mer\\\/\"},{\"@type\":\"ListItem\",\"position\":2,\"name\":\"Sanary sur mer\"}]},{\"@type\":\"WebSite\",\"@id\":\"https:\\\/\\\/hotel-sanary.fr\\\/de\\\/#website\",\"url\":\"https:\\\/\\\/hotel-sanary.fr\\\/de\\\/\",\"name\":\"Best Western Plus Sanary-sur-mer\",\"description\":\"\",\"potentialAction\":[{\"@type\":\"SearchAction\",\"target\":{\"@type\":\"EntryPoint\",\"urlTemplate\":\"https:\\\/\\\/hotel-sanary.fr\\\/de\\\/?s={search_term_string}\"},\"query-input\":{\"@type\":\"PropertyValueSpecification\",\"valueRequired\":true,\"valueName\":\"search_term_string\"}}],\"inLanguage\":\"de\"}]}<\/script>\n<!-- \/ Yoast SEO plugin. -->","yoast_head_json":{"title":"Entdecken Sie Sanary sur Mer mit dem Best Western Plus Sanary Hotel","description":"Das Best Western Plus befindet sich im Herzen von Sanary sur mer, einem idealen Ort zum Entspannen, den Sie bei einem Spaziergang entlang der K\u00fcstenwege auf der sonnigen Terrasse entdecken k\u00f6nnen.","robots":{"index":"index","follow":"follow","max-snippet":"max-snippet:-1","max-image-preview":"max-image-preview:large","max-video-preview":"max-video-preview:-1"},"canonical":"https:\/\/hotel-sanary.fr\/de\/sanary-sur-mer\/","og_locale":"de_DE","og_type":"article","og_title":"Entdecken Sie Sanary sur Mer mit dem Best Western Plus Sanary Hotel","og_description":"Das Best Western Plus befindet sich im Herzen von Sanary sur mer, einem idealen Ort zum Entspannen, den Sie bei einem Spaziergang entlang der K\u00fcstenwege auf der sonnigen Terrasse entdecken k\u00f6nnen.","og_url":"https:\/\/hotel-sanary.fr\/de\/sanary-sur-mer\/","og_site_name":"Best Western Plus Sanary-sur-mer","article_modified_time":"2025-09-08T08:59:48+00:00","og_image":[{"url":"https:\/\/hotelhw.com\/wp-content\/uploads\/2025\/06\/holidays-work-hotel-sanary-sur-mer-193150-682-1200-portrait.svg","type":"","width":"","height":""}],"twitter_card":"summary_large_image","twitter_misc":{"Gesch\u00e4tzte Lesezeit":"1\u00a0Minute"},"schema":{"@context":"https:\/\/schema.org","@graph":[{"@type":"WebPage","@id":"https:\/\/hotel-sanary.fr\/de\/sanary-sur-mer\/","url":"https:\/\/hotel-sanary.fr\/de\/sanary-sur-mer\/","name":"Entdecken Sie Sanary sur Mer mit dem Best Western Plus Sanary Hotel","isPartOf":{"@id":"https:\/\/hotel-sanary.fr\/de\/#website"},"primaryImageOfPage":{"@id":"https:\/\/hotel-sanary.fr\/de\/sanary-sur-mer\/#primaryimage"},"image":{"@id":"https:\/\/hotel-sanary.fr\/de\/sanary-sur-mer\/#primaryimage"},"thumbnailUrl":"https:\/\/hotelhw.com\/wp-content\/uploads\/2025\/06\/holidays-work-hotel-sanary-sur-mer-193150-682-1200-portrait.svg","datePublished":"2025-06-17T09:40:15+00:00","dateModified":"2025-09-08T08:59:48+00:00","description":"Das Best Western Plus befindet sich im Herzen von Sanary sur mer, einem idealen Ort zum Entspannen, den Sie bei einem Spaziergang entlang der K\u00fcstenwege auf der sonnigen Terrasse entdecken k\u00f6nnen.","breadcrumb":{"@id":"https:\/\/hotel-sanary.fr\/de\/sanary-sur-mer\/#breadcrumb"},"inLanguage":"de","potentialAction":[{"@type":"ReadAction","target":["https:\/\/hotel-sanary.fr\/de\/sanary-sur-mer\/"]}]},{"@type":"ImageObject","inLanguage":"de","@id":"https:\/\/hotel-sanary.fr\/de\/sanary-sur-mer\/#primaryimage","url":"https:\/\/hotelhw.com\/wp-content\/uploads\/2025\/06\/holidays-work-hotel-sanary-sur-mer-193150-682-1200-portrait.svg","contentUrl":"https:\/\/hotelhw.com\/wp-content\/uploads\/2025\/06\/holidays-work-hotel-sanary-sur-mer-193150-682-1200-portrait.svg"},{"@type":"BreadcrumbList","@id":"https:\/\/hotel-sanary.fr\/de\/sanary-sur-mer\/#breadcrumb","itemListElement":[{"@type":"ListItem","position":1,"name":"Accueil","item":"https:\/\/hotel-sanary.fr\/de\/best-western-plus-sanary-sur-mer\/"},{"@type":"ListItem","position":2,"name":"Sanary sur mer"}]},{"@type":"WebSite","@id":"https:\/\/hotel-sanary.fr\/de\/#website","url":"https:\/\/hotel-sanary.fr\/de\/","name":"Best Western Plus Sanary-sur-mer","description":"","potentialAction":[{"@type":"SearchAction","target":{"@type":"EntryPoint","urlTemplate":"https:\/\/hotel-sanary.fr\/de\/?s={search_term_string}"},"query-input":{"@type":"PropertyValueSpecification","valueRequired":true,"valueName":"search_term_string"}}],"inLanguage":"de"}]}},"_links":{"self":[{"href":"https:\/\/hotel-sanary.fr\/de\/wp-json\/wp\/v2\/pages\/2439","targetHints":{"allow":["GET"]}}],"collection":[{"href":"https:\/\/hotel-sanary.fr\/de\/wp-json\/wp\/v2\/pages"}],"about":[{"href":"https:\/\/hotel-sanary.fr\/de\/wp-json\/wp\/v2\/types\/page"}],"author":[{"embeddable":true,"href":"https:\/\/hotel-sanary.fr\/de\/wp-json\/wp\/v2\/users\/1"}],"replies":[{"embeddable":true,"href":"https:\/\/hotel-sanary.fr\/de\/wp-json\/wp\/v2\/comments?post=2439"}],"version-history":[{"count":1,"href":"https:\/\/hotel-sanary.fr\/de\/wp-json\/wp\/v2\/pages\/2439\/revisions"}],"predecessor-version":[{"id":2442,"href":"https:\/\/hotel-sanary.fr\/de\/wp-json\/wp\/v2\/pages\/2439\/revisions\/2442"}],"wp:attachment":[{"href":"https:\/\/hotel-sanary.fr\/de\/wp-json\/wp\/v2\/media?parent=2439"}],"curies":[{"name":"wp","href":"https:\/\/api.w.org\/{rel}","templated":true}]}}