{"id":2438,"date":"2025-06-17T11:40:15","date_gmt":"2025-06-17T09:40:15","guid":{"rendered":"https:\/\/hotel-sanary.fr\/sanary-sur-mer\/"},"modified":"2025-09-08T10:59:48","modified_gmt":"2025-09-08T08:59:48","slug":"sanary-sur-mer","status":"publish","type":"page","link":"https:\/\/hotel-sanary.fr\/it\/sanary-sur-mer\/","title":{"rendered":"Sanary sur mer"},"content":{"rendered":"\t\t<div data-elementor-type=\"wp-page\" data-elementor-id=\"2438\" class=\"elementor elementor-2438 elementor-896\" data-elementor-settings=\"{&quot;element_pack_global_tooltip_width&quot;:{&quot;unit&quot;:&quot;px&quot;,&quot;size&quot;:&quot;&quot;,&quot;sizes&quot;:[]},&quot;element_pack_global_tooltip_width_tablet&quot;:{&quot;unit&quot;:&quot;px&quot;,&quot;size&quot;:&quot;&quot;,&quot;sizes&quot;:[]},&quot;element_pack_global_tooltip_width_mobile&quot;:{&quot;unit&quot;:&quot;px&quot;,&quot;size&quot;:&quot;&quot;,&quot;sizes&quot;:[]},&quot;element_pack_global_tooltip_padding&quot;:{&quot;unit&quot;:&quot;px&quot;,&quot;top&quot;:&quot;&quot;,&quot;right&quot;:&quot;&quot;,&quot;bottom&quot;:&quot;&quot;,&quot;left&quot;:&quot;&quot;,&quot;isLinked&quot;:true},&quot;element_pack_global_tooltip_padding_tablet&quot;:{&quot;unit&quot;:&quot;px&quot;,&quot;top&quot;:&quot;&quot;,&quot;right&quot;:&quot;&quot;,&quot;bottom&quot;:&quot;&quot;,&quot;left&quot;:&quot;&quot;,&quot;isLinked&quot;:true},&quot;element_pack_global_tooltip_padding_mobile&quot;:{&quot;unit&quot;:&quot;px&quot;,&quot;top&quot;:&quot;&quot;,&quot;right&quot;:&quot;&quot;,&quot;bottom&quot;:&quot;&quot;,&quot;left&quot;:&quot;&quot;,&quot;isLinked&quot;:true},&quot;element_pack_global_tooltip_border_radius&quot;:{&quot;unit&quot;:&quot;px&quot;,&quot;top&quot;:&quot;&quot;,&quot;right&quot;:&quot;&quot;,&quot;bottom&quot;:&quot;&quot;,&quot;left&quot;:&quot;&quot;,&quot;isLinked&quot;:true},&quot;element_pack_global_tooltip_border_radius_tablet&quot;:{&quot;unit&quot;:&quot;px&quot;,&quot;top&quot;:&quot;&quot;,&quot;right&quot;:&quot;&quot;,&quot;bottom&quot;:&quot;&quot;,&quot;left&quot;:&quot;&quot;,&quot;isLinked&quot;:true},&quot;element_pack_global_tooltip_border_radius_mobile&quot;:{&quot;unit&quot;:&quot;px&quot;,&quot;top&quot;:&quot;&quot;,&quot;right&quot;:&quot;&quot;,&quot;bottom&quot;:&quot;&quot;,&quot;left&quot;:&quot;&quot;,&quot;isLinked&quot;:true}}\" data-elementor-post-type=\"page\">\n\t\t\t\t<div class=\"elementor-element elementor-element-392c3d1 e-con-full e-flex e-con e-parent\" data-id=\"392c3d1\" data-element_type=\"container\" data-e-type=\"container\" data-settings=\"{&quot;background_background&quot;:&quot;classic&quot;}\">\n\t\t\t\t<div class=\"elementor-element elementor-element-28008b9 elementor-widget elementor-widget-html\" data-id=\"28008b9\" data-element_type=\"widget\" data-e-type=\"widget\" data-widget_type=\"html.default\">\n\t\t\t\t<div class=\"elementor-widget-container\">\n\t\t\t\t\t<iframe src=\"https:\/\/www.google.com\/maps\/embed?pb=!1m18!1m12!1m3!1d9813.917581856414!2d5.8098781!3d43.1187666!2m3!1f0!2f0!3f0!3m2!1i1024!2i768!4f13.1!3m3!1m2!1s0x12c906a6c9369fa3%3A0x597df8210a77bb1f!2sH%C3%B4tel%20Best%20Western%20Plus%20Sanary!5e1!3m2!1sfr!2sfr!4v1757321279726!5m2!1sfr!2sfr\" width=\"600\" height=\"500\" style=\"border:0;\" allowfullscreen=\"\" loading=\"lazy\" referrerpolicy=\"no-referrer-when-downgrade\"><\/iframe>\t\t\t\t<\/div>\n\t\t\t\t<\/div>\n\t\t\t\t<\/div>\n\t\t<div class=\"elementor-element elementor-element-92c92fc e-flex e-con-boxed e-con e-parent\" data-id=\"92c92fc\" data-element_type=\"container\" data-e-type=\"container\" data-settings=\"{&quot;background_background&quot;:&quot;classic&quot;}\">\n\t\t\t\t\t<div class=\"e-con-inner\">\n\t\t\t\t<div class=\"elementor-element elementor-element-7f8f235 elementor-widget__width-initial elementor-invisible elementor-widget elementor-widget-heading\" data-id=\"7f8f235\" data-element_type=\"widget\" data-e-type=\"widget\" data-settings=\"{&quot;_animation_delay&quot;:250,&quot;_animation&quot;:&quot;fadeInUp&quot;}\" data-widget_type=\"heading.default\">\n\t\t\t\t<div class=\"elementor-widget-container\">\n\t\t\t\t\t<h1 class=\"elementor-heading-title elementor-size-default\">SCOPRI SANARY SUR MER CON UN SOGGIORNO TURISTICO<\/h1>\t\t\t\t<\/div>\n\t\t\t\t<\/div>\n\t\t\t\t<div class=\"elementor-element elementor-element-6942630 elementor-widget elementor-widget-heading\" data-id=\"6942630\" data-element_type=\"widget\" data-e-type=\"widget\" data-widget_type=\"heading.default\">\n\t\t\t\t<div class=\"elementor-widget-container\">\n\t\t\t\t\t<h3 class=\"elementor-heading-title elementor-size-default\">La Provenza tra mare e vigneti<\/h3>\t\t\t\t<\/div>\n\t\t\t\t<\/div>\n\t\t\t\t\t<\/div>\n\t\t\t\t<\/div>\n\t\t<div class=\"elementor-element elementor-element-185509e e-flex e-con-boxed e-con e-parent\" data-id=\"185509e\" data-element_type=\"container\" data-e-type=\"container\" data-settings=\"{&quot;background_background&quot;:&quot;classic&quot;}\">\n\t\t\t\t\t<div class=\"e-con-inner\">\n\t\t<div class=\"elementor-element elementor-element-e562250 e-con-full e-flex elementor-invisible e-con e-child\" data-id=\"e562250\" data-element_type=\"container\" data-e-type=\"container\" data-settings=\"{&quot;animation&quot;:&quot;slideInRight&quot;}\">\n\t\t\t\t<div class=\"elementor-element elementor-element-2d8024f elementor-widget elementor-widget-text-editor\" data-id=\"2d8024f\" data-element_type=\"widget\" data-e-type=\"widget\" data-widget_type=\"text-editor.default\">\n\t\t\t\t<div class=\"elementor-widget-container\">\n\t\t\t\t\t\t\t\t\t<div class=\"text gs_reveal max-w-screen-md mx-auto lazy-content-text px-4 sm:px-0\"><main><\/main><section class=\"mosaic-lego\"><div class=\"\"><div class=\"grid grid-cols-1 gap-10 max-w-screen-lg mt-0 mb-0 mx-auto sm:grid-cols-2 lg:grid-cols-2 css-columns-2\"><div class=\"gs_reveal gs_reveal_fromRight text px-4 sm:pt-0 sm:px-0 justify-center flex flex-col space-y-4 sm:col-start-2 sm:col-end-3 sm:pt-24 sm:pb-24\"><p>Sanary sur mer \u00e8 un luogo ideale per rilassarsi che pu\u00f2 essere scoperto passeggiando lungo i sentieri costieri, seduti sulla terrazza solarium o attraverso i suoi siti storici.<\/p><p>A pochi passi dal porto e vicino alla spiaggia o all&#8217;arte dei paesaggi, festival e mercati colorati vi faranno scoprire l&#8217;autenticit\u00e0 della Provenza, vi diamo il benvenuto in un comfort a tre stelle per il vostro relax.<\/p><p>Tra il mare e i vigneti, Sanary sur mer \u00e8 il luogo ideale per chi ama le spiagge di sabbia fine, le calette assolate e un porto vivace. Queste bellezze naturali lo rendono una <span style=\"text-decoration: underline;\">popolare destinazione turistica<\/span>, le citt\u00e0 vicine e il mercoled\u00ec mattina il mercato pi\u00f9 grande attira anche molte destinazioni mondiali. <\/p><\/div><\/div><\/div><\/section><\/div><div class=\"lazy-slider-grayscale container mx-auto\"><div class=\"swiper swiper-initialized swiper-horizontal swiper-pointer-events swiper-backface-hidden\"><div id=\"swiper-wrapper-4b803910113b11010b5\" class=\"swiper-wrapper\" aria-live=\"polite\"><div class=\"swiper-slide [&amp;.swiper-slide-active_img]:grayscale-0 swiper-slide-duplicate swiper-slide-duplicate-next\" role=\"group\" data-swiper-slide-index=\"0\" aria-label=\"1 \/ 3\"><a class=\"relative block\" href=\"https:\/\/www.hotelhw.com\/offres\"><picture class=\"h-96 object-cover w-full\"><source srcset=\"https:\/\/d2br7mpzbkes5b.cloudfront.net\/cache\/img\/holidays-work-hotel-petit-dejeuner-191552-768-396-crop.jpg?q=1701353239, https:\/\/d2br7mpzbkes5b.cloudfront.net\/cache\/img\/holidays-work-hotel-petit-dejeuner-191552-1536-792-crop.jpg?q=1701353239 2x\" media=\"(max-width: 767px)\"><\/source><source srcset=\"https:\/\/d2br7mpzbkes5b.cloudfront.net\/cache\/img\/holidays-work-hotel-petit-dejeuner-191552-260-396-crop.jpg?q=1701353239, https:\/\/d2br7mpzbkes5b.cloudfront.net\/cache\/img\/holidays-work-hotel-petit-dejeuner-191552-520-792-crop.jpg?q=1701353239 2x\" media=\"(min-width: 768px) and (max-width: 1024px)\"><\/source><\/picture><\/a><\/div><\/div><\/div><\/div>\t\t\t\t\t\t\t\t<\/div>\n\t\t\t\t<\/div>\n\t\t\t\t<\/div>\n\t\t\t\t\t<\/div>\n\t\t\t\t<\/div>\n\t\t<div class=\"elementor-element elementor-element-d29e767 e-flex e-con-boxed e-con e-parent\" data-id=\"d29e767\" data-element_type=\"container\" data-e-type=\"container\" data-settings=\"{&quot;background_background&quot;:&quot;classic&quot;}\">\n\t\t\t\t\t<div class=\"e-con-inner\">\n\t\t\t\t\t<\/div>\n\t\t\t\t<\/div>\n\t\t<div class=\"elementor-element elementor-element-79b0b27 e-flex e-con-boxed e-con e-parent\" data-id=\"79b0b27\" data-element_type=\"container\" data-e-type=\"container\" data-settings=\"{&quot;background_background&quot;:&quot;classic&quot;}\">\n\t\t\t\t\t<div class=\"e-con-inner\">\n\t\t<div class=\"elementor-element elementor-element-573790a e-con-full e-flex elementor-invisible e-con e-child\" data-id=\"573790a\" data-element_type=\"container\" data-e-type=\"container\" data-settings=\"{&quot;animation&quot;:&quot;slideInRight&quot;}\">\n\t\t\t\t<div class=\"elementor-element elementor-element-57569d7 elementor-widget__width-initial elementor-invisible elementor-widget elementor-widget-heading\" data-id=\"57569d7\" data-element_type=\"widget\" data-e-type=\"widget\" data-settings=\"{&quot;_animation_delay&quot;:250,&quot;_animation&quot;:&quot;fadeInUp&quot;}\" data-widget_type=\"heading.default\">\n\t\t\t\t<div class=\"elementor-widget-container\">\n\t\t\t\t\t<h2 class=\"elementor-heading-title elementor-size-default\">Ubicazione e accesso principale a Sanary sur mer<\/h2>\t\t\t\t<\/div>\n\t\t\t\t<\/div>\n\t\t<div class=\"elementor-element elementor-element-9b5fc7d e-con-full e-flex e-con e-child\" data-id=\"9b5fc7d\" data-element_type=\"container\" data-e-type=\"container\">\n\t\t<div class=\"elementor-element elementor-element-24288d4 e-con-full e-flex e-con e-child\" data-id=\"24288d4\" data-element_type=\"container\" data-e-type=\"container\">\n\t\t\t\t<div class=\"elementor-element elementor-element-e725d62 elementor-widget elementor-widget-image\" data-id=\"e725d62\" data-element_type=\"widget\" data-e-type=\"widget\" data-widget_type=\"image.default\">\n\t\t\t\t<div class=\"elementor-widget-container\">\n\t\t\t\t\t\t\t\t\t\t\t\t\t\t\t<img decoding=\"async\" src=\"https:\/\/hotelhw.com\/wp-content\/uploads\/2025\/06\/holidays-work-hotel-sanary-sur-mer-193150-682-1200-portrait.svg\" title=\"\" alt=\"\" loading=\"lazy\" \/>\t\t\t\t\t\t\t\t\t\t\t\t\t\t\t<\/div>\n\t\t\t\t<\/div>\n\t\t\t\t<div class=\"elementor-element elementor-element-3a58d13 elementor-widget elementor-widget-heading\" data-id=\"3a58d13\" data-element_type=\"widget\" data-e-type=\"widget\" data-widget_type=\"heading.default\">\n\t\t\t\t<div class=\"elementor-widget-container\">\n\t\t\t\t\t<h3 class=\"elementor-heading-title elementor-size-default\">DISTANZA<\/h3>\t\t\t\t<\/div>\n\t\t\t\t<\/div>\n\t\t\t\t<div class=\"elementor-element elementor-element-dc0e1ab elementor-widget elementor-widget-text-editor\" data-id=\"dc0e1ab\" data-element_type=\"widget\" data-e-type=\"widget\" data-widget_type=\"text-editor.default\">\n\t\t\t\t<div class=\"elementor-widget-container\">\n\t\t\t\t\t\t\t\t\t<p>Sanary si trova a 152 km da Avignone , 370 km da Lione ,<br>A 56 km da Marsiglia, a 161 km da Nizza, a 830 km da Parigi, a 81 km da St Tropez e a 11 km da Tolone.<\/p>\t\t\t\t\t\t\t\t<\/div>\n\t\t\t\t<\/div>\n\t\t\t\t<\/div>\n\t\t<div class=\"elementor-element elementor-element-4efef67 e-con-full e-flex e-con e-child\" data-id=\"4efef67\" data-element_type=\"container\" data-e-type=\"container\">\n\t\t\t\t<div class=\"elementor-element elementor-element-ad380d8 elementor-widget elementor-widget-image\" data-id=\"ad380d8\" data-element_type=\"widget\" data-e-type=\"widget\" data-widget_type=\"image.default\">\n\t\t\t\t<div class=\"elementor-widget-container\">\n\t\t\t\t\t\t\t\t\t\t\t\t\t\t\t<img decoding=\"async\" src=\"https:\/\/hotelhw.com\/wp-content\/uploads\/2025\/06\/holidays-work-hotel-sanary-sur-mer-193151-682-1200-portrait.svg\" title=\"\" alt=\"\" loading=\"lazy\" \/>\t\t\t\t\t\t\t\t\t\t\t\t\t\t\t<\/div>\n\t\t\t\t<\/div>\n\t\t\t\t<div class=\"elementor-element elementor-element-ae9b8c2 elementor-widget elementor-widget-heading\" data-id=\"ae9b8c2\" data-element_type=\"widget\" data-e-type=\"widget\" data-widget_type=\"heading.default\">\n\t\t\t\t<div class=\"elementor-widget-container\">\n\t\t\t\t\t<h3 class=\"elementor-heading-title elementor-size-default\">TRENO<\/h3>\t\t\t\t<\/div>\n\t\t\t\t<\/div>\n\t\t\t\t<div class=\"elementor-element elementor-element-f7815e7 elementor-widget elementor-widget-text-editor\" data-id=\"f7815e7\" data-element_type=\"widget\" data-e-type=\"widget\" data-widget_type=\"text-editor.default\">\n\t\t\t\t<div class=\"elementor-widget-container\">\n\t\t\t\t\t\t\t\t\t<p>Un sacco di TGV tra Parigi Marsiglia (3 ore) e Tolone (4 ore). I treni espressi regionali vi portano alla stazione di Marsiglia Ollioules \u2013 Sanary in meno di tre quarti d&#8217;ora e a Tolone in 10 minuti esatti. <\/p><p>La stazione ferroviaria TER di Sanary-Ollioules si trova a soli 5 minuti, mentre la stazione TGV di Tolone \u00e8 a 15 minuti. La citt\u00e0 \u00e8 il punto di partenza della Ciclovia Costiera V65, una pista ciclabile di 130 km che pu\u00f2 portarti a Saint-Rapha\u00ebl passando per Saint-Tropez. <\/p>\t\t\t\t\t\t\t\t<\/div>\n\t\t\t\t<\/div>\n\t\t\t\t<\/div>\n\t\t<div class=\"elementor-element elementor-element-0554777 e-con-full e-flex e-con e-child\" data-id=\"0554777\" data-element_type=\"container\" data-e-type=\"container\">\n\t\t\t\t<div class=\"elementor-element elementor-element-25f11ee elementor-widget elementor-widget-image\" data-id=\"25f11ee\" data-element_type=\"widget\" data-e-type=\"widget\" data-widget_type=\"image.default\">\n\t\t\t\t<div class=\"elementor-widget-container\">\n\t\t\t\t\t\t\t\t\t\t\t\t\t\t\t<img decoding=\"async\" src=\"https:\/\/hotelhw.com\/wp-content\/uploads\/2025\/06\/holidays-work-hotel-sanary-sur-mer-193152-682-1200-portrait.svg\" title=\"\" alt=\"\" loading=\"lazy\" \/>\t\t\t\t\t\t\t\t\t\t\t\t\t\t\t<\/div>\n\t\t\t\t<\/div>\n\t\t\t\t<div class=\"elementor-element elementor-element-5a87edb elementor-widget elementor-widget-heading\" data-id=\"5a87edb\" data-element_type=\"widget\" data-e-type=\"widget\" data-widget_type=\"heading.default\">\n\t\t\t\t<div class=\"elementor-widget-container\">\n\t\t\t\t\t<h3 class=\"elementor-heading-title elementor-size-default\">ACCESSO<\/h3>\t\t\t\t<\/div>\n\t\t\t\t<\/div>\n\t\t\t\t<div class=\"elementor-element elementor-element-a40d39c elementor-widget elementor-widget-text-editor\" data-id=\"a40d39c\" data-element_type=\"widget\" data-e-type=\"widget\" data-widget_type=\"text-editor.default\">\n\t\t\t\t<div class=\"elementor-widget-container\">\n\t\t\t\t\t\t\t\t\t<p>Passando per l&#8217;autostrada A7 sole, da Parigi a Aix-en-Provence, poi l&#8217;autostrada A50, che collega Aix Sanary (45mm) uscita Bandol.<\/p><p>Anche da Marsiglia \u2013 Aeroporto di Provenza 13727 Marignane .: 04 42 14 20 20<br>Sanary 1 ora di auto.<\/p><p>E l&#8217;aeroporto regionale di Hy\u00e8res \u2013 Tolone 55 mm Sanary<br>Hy\u00e8res: 0825 01 83 87<\/p>\t\t\t\t\t\t\t\t<\/div>\n\t\t\t\t<\/div>\n\t\t\t\t<\/div>\n\t\t\t\t<\/div>\n\t\t\t\t<\/div>\n\t\t\t\t\t<\/div>\n\t\t\t\t<\/div>\n\t\t\t\t<\/div>\n\t\t","protected":false},"excerpt":{"rendered":"<p>SCOPRI SANARY SUR MER CON UN SOGGIORNO TURISTICO La Provenza tra mare e vigneti Sanary sur mer \u00e8 un luogo ideale per rilassarsi che pu\u00f2 essere scoperto passeggiando lungo i sentieri costieri, seduti sulla terrazza solarium o attraverso i suoi siti storici. A pochi passi dal porto e vicino alla spiaggia o all&#8217;arte dei paesaggi, [&hellip;]<\/p>\n","protected":false},"author":1,"featured_media":0,"parent":0,"menu_order":0,"comment_status":"closed","ping_status":"closed","template":"","meta":{"_acf_changed":false,"footnotes":""},"class_list":["post-2438","page","type-page","status-publish","hentry"],"acf":[],"yoast_head":"<!-- This site is optimized with the Yoast SEO plugin v27.4 - https:\/\/yoast.com\/product\/yoast-seo-wordpress\/ -->\n<title>Scopri Sanary sur Mer con il Best Western Plus Sanary Hotel<\/title>\n<meta name=\"description\" content=\"Il Best Western Plus \u00e8 situato nel cuore di Sanary sur mer, un luogo ideale per rilassarsi che pu\u00f2 essere scoperto passeggiando lungo i sentieri costieri, seduti sulla terrazza soleggiata.\" \/>\n<meta name=\"robots\" content=\"index, follow, max-snippet:-1, max-image-preview:large, max-video-preview:-1\" \/>\n<link rel=\"canonical\" href=\"https:\/\/hotel-sanary.fr\/it\/sanary-sur-mer\/\" \/>\n<meta property=\"og:locale\" content=\"it_IT\" \/>\n<meta property=\"og:type\" content=\"article\" \/>\n<meta property=\"og:title\" content=\"Scopri Sanary sur Mer con il Best Western Plus Sanary Hotel\" \/>\n<meta property=\"og:description\" content=\"Il Best Western Plus \u00e8 situato nel cuore di Sanary sur mer, un luogo ideale per rilassarsi che pu\u00f2 essere scoperto passeggiando lungo i sentieri costieri, seduti sulla terrazza soleggiata.\" \/>\n<meta property=\"og:url\" content=\"https:\/\/hotel-sanary.fr\/it\/sanary-sur-mer\/\" \/>\n<meta property=\"og:site_name\" content=\"Best Western Plus Sanary-sur-mer\" \/>\n<meta property=\"article:modified_time\" content=\"2025-09-08T08:59:48+00:00\" \/>\n<meta property=\"og:image\" content=\"https:\/\/hotelhw.com\/wp-content\/uploads\/2025\/06\/holidays-work-hotel-sanary-sur-mer-193150-682-1200-portrait.svg\" \/>\n<meta name=\"twitter:card\" content=\"summary_large_image\" \/>\n<meta name=\"twitter:label1\" content=\"Tempo di lettura stimato\" \/>\n\t<meta name=\"twitter:data1\" content=\"1 minuto\" \/>\n<script type=\"application\/ld+json\" class=\"yoast-schema-graph\">{\"@context\":\"https:\\\/\\\/schema.org\",\"@graph\":[{\"@type\":\"WebPage\",\"@id\":\"https:\\\/\\\/hotel-sanary.fr\\\/it\\\/sanary-sur-mer\\\/\",\"url\":\"https:\\\/\\\/hotel-sanary.fr\\\/it\\\/sanary-sur-mer\\\/\",\"name\":\"Scopri Sanary sur Mer con il Best Western Plus Sanary Hotel\",\"isPartOf\":{\"@id\":\"https:\\\/\\\/hotel-sanary.fr\\\/it\\\/#website\"},\"primaryImageOfPage\":{\"@id\":\"https:\\\/\\\/hotel-sanary.fr\\\/it\\\/sanary-sur-mer\\\/#primaryimage\"},\"image\":{\"@id\":\"https:\\\/\\\/hotel-sanary.fr\\\/it\\\/sanary-sur-mer\\\/#primaryimage\"},\"thumbnailUrl\":\"https:\\\/\\\/hotelhw.com\\\/wp-content\\\/uploads\\\/2025\\\/06\\\/holidays-work-hotel-sanary-sur-mer-193150-682-1200-portrait.svg\",\"datePublished\":\"2025-06-17T09:40:15+00:00\",\"dateModified\":\"2025-09-08T08:59:48+00:00\",\"description\":\"Il Best Western Plus \u00e8 situato nel cuore di Sanary sur mer, un luogo ideale per rilassarsi che pu\u00f2 essere scoperto passeggiando lungo i sentieri costieri, seduti sulla terrazza soleggiata.\",\"breadcrumb\":{\"@id\":\"https:\\\/\\\/hotel-sanary.fr\\\/it\\\/sanary-sur-mer\\\/#breadcrumb\"},\"inLanguage\":\"it-IT\",\"potentialAction\":[{\"@type\":\"ReadAction\",\"target\":[\"https:\\\/\\\/hotel-sanary.fr\\\/it\\\/sanary-sur-mer\\\/\"]}]},{\"@type\":\"ImageObject\",\"inLanguage\":\"it-IT\",\"@id\":\"https:\\\/\\\/hotel-sanary.fr\\\/it\\\/sanary-sur-mer\\\/#primaryimage\",\"url\":\"https:\\\/\\\/hotelhw.com\\\/wp-content\\\/uploads\\\/2025\\\/06\\\/holidays-work-hotel-sanary-sur-mer-193150-682-1200-portrait.svg\",\"contentUrl\":\"https:\\\/\\\/hotelhw.com\\\/wp-content\\\/uploads\\\/2025\\\/06\\\/holidays-work-hotel-sanary-sur-mer-193150-682-1200-portrait.svg\"},{\"@type\":\"BreadcrumbList\",\"@id\":\"https:\\\/\\\/hotel-sanary.fr\\\/it\\\/sanary-sur-mer\\\/#breadcrumb\",\"itemListElement\":[{\"@type\":\"ListItem\",\"position\":1,\"name\":\"Accueil\",\"item\":\"https:\\\/\\\/hotel-sanary.fr\\\/it\\\/best-western-plus-sanary-sur-mer\\\/\"},{\"@type\":\"ListItem\",\"position\":2,\"name\":\"Sanary sur mer\"}]},{\"@type\":\"WebSite\",\"@id\":\"https:\\\/\\\/hotel-sanary.fr\\\/it\\\/#website\",\"url\":\"https:\\\/\\\/hotel-sanary.fr\\\/it\\\/\",\"name\":\"Best Western Plus Sanary-sur-mer\",\"description\":\"\",\"potentialAction\":[{\"@type\":\"SearchAction\",\"target\":{\"@type\":\"EntryPoint\",\"urlTemplate\":\"https:\\\/\\\/hotel-sanary.fr\\\/it\\\/?s={search_term_string}\"},\"query-input\":{\"@type\":\"PropertyValueSpecification\",\"valueRequired\":true,\"valueName\":\"search_term_string\"}}],\"inLanguage\":\"it-IT\"}]}<\/script>\n<!-- \/ Yoast SEO plugin. -->","yoast_head_json":{"title":"Scopri Sanary sur Mer con il Best Western Plus Sanary Hotel","description":"Il Best Western Plus \u00e8 situato nel cuore di Sanary sur mer, un luogo ideale per rilassarsi che pu\u00f2 essere scoperto passeggiando lungo i sentieri costieri, seduti sulla terrazza soleggiata.","robots":{"index":"index","follow":"follow","max-snippet":"max-snippet:-1","max-image-preview":"max-image-preview:large","max-video-preview":"max-video-preview:-1"},"canonical":"https:\/\/hotel-sanary.fr\/it\/sanary-sur-mer\/","og_locale":"it_IT","og_type":"article","og_title":"Scopri Sanary sur Mer con il Best Western Plus Sanary Hotel","og_description":"Il Best Western Plus \u00e8 situato nel cuore di Sanary sur mer, un luogo ideale per rilassarsi che pu\u00f2 essere scoperto passeggiando lungo i sentieri costieri, seduti sulla terrazza soleggiata.","og_url":"https:\/\/hotel-sanary.fr\/it\/sanary-sur-mer\/","og_site_name":"Best Western Plus Sanary-sur-mer","article_modified_time":"2025-09-08T08:59:48+00:00","og_image":[{"url":"https:\/\/hotelhw.com\/wp-content\/uploads\/2025\/06\/holidays-work-hotel-sanary-sur-mer-193150-682-1200-portrait.svg","type":"","width":"","height":""}],"twitter_card":"summary_large_image","twitter_misc":{"Tempo di lettura stimato":"1 minuto"},"schema":{"@context":"https:\/\/schema.org","@graph":[{"@type":"WebPage","@id":"https:\/\/hotel-sanary.fr\/it\/sanary-sur-mer\/","url":"https:\/\/hotel-sanary.fr\/it\/sanary-sur-mer\/","name":"Scopri Sanary sur Mer con il Best Western Plus Sanary Hotel","isPartOf":{"@id":"https:\/\/hotel-sanary.fr\/it\/#website"},"primaryImageOfPage":{"@id":"https:\/\/hotel-sanary.fr\/it\/sanary-sur-mer\/#primaryimage"},"image":{"@id":"https:\/\/hotel-sanary.fr\/it\/sanary-sur-mer\/#primaryimage"},"thumbnailUrl":"https:\/\/hotelhw.com\/wp-content\/uploads\/2025\/06\/holidays-work-hotel-sanary-sur-mer-193150-682-1200-portrait.svg","datePublished":"2025-06-17T09:40:15+00:00","dateModified":"2025-09-08T08:59:48+00:00","description":"Il Best Western Plus \u00e8 situato nel cuore di Sanary sur mer, un luogo ideale per rilassarsi che pu\u00f2 essere scoperto passeggiando lungo i sentieri costieri, seduti sulla terrazza soleggiata.","breadcrumb":{"@id":"https:\/\/hotel-sanary.fr\/it\/sanary-sur-mer\/#breadcrumb"},"inLanguage":"it-IT","potentialAction":[{"@type":"ReadAction","target":["https:\/\/hotel-sanary.fr\/it\/sanary-sur-mer\/"]}]},{"@type":"ImageObject","inLanguage":"it-IT","@id":"https:\/\/hotel-sanary.fr\/it\/sanary-sur-mer\/#primaryimage","url":"https:\/\/hotelhw.com\/wp-content\/uploads\/2025\/06\/holidays-work-hotel-sanary-sur-mer-193150-682-1200-portrait.svg","contentUrl":"https:\/\/hotelhw.com\/wp-content\/uploads\/2025\/06\/holidays-work-hotel-sanary-sur-mer-193150-682-1200-portrait.svg"},{"@type":"BreadcrumbList","@id":"https:\/\/hotel-sanary.fr\/it\/sanary-sur-mer\/#breadcrumb","itemListElement":[{"@type":"ListItem","position":1,"name":"Accueil","item":"https:\/\/hotel-sanary.fr\/it\/best-western-plus-sanary-sur-mer\/"},{"@type":"ListItem","position":2,"name":"Sanary sur mer"}]},{"@type":"WebSite","@id":"https:\/\/hotel-sanary.fr\/it\/#website","url":"https:\/\/hotel-sanary.fr\/it\/","name":"Best Western Plus Sanary-sur-mer","description":"","potentialAction":[{"@type":"SearchAction","target":{"@type":"EntryPoint","urlTemplate":"https:\/\/hotel-sanary.fr\/it\/?s={search_term_string}"},"query-input":{"@type":"PropertyValueSpecification","valueRequired":true,"valueName":"search_term_string"}}],"inLanguage":"it-IT"}]}},"_links":{"self":[{"href":"https:\/\/hotel-sanary.fr\/it\/wp-json\/wp\/v2\/pages\/2438","targetHints":{"allow":["GET"]}}],"collection":[{"href":"https:\/\/hotel-sanary.fr\/it\/wp-json\/wp\/v2\/pages"}],"about":[{"href":"https:\/\/hotel-sanary.fr\/it\/wp-json\/wp\/v2\/types\/page"}],"author":[{"embeddable":true,"href":"https:\/\/hotel-sanary.fr\/it\/wp-json\/wp\/v2\/users\/1"}],"replies":[{"embeddable":true,"href":"https:\/\/hotel-sanary.fr\/it\/wp-json\/wp\/v2\/comments?post=2438"}],"version-history":[{"count":1,"href":"https:\/\/hotel-sanary.fr\/it\/wp-json\/wp\/v2\/pages\/2438\/revisions"}],"predecessor-version":[{"id":2441,"href":"https:\/\/hotel-sanary.fr\/it\/wp-json\/wp\/v2\/pages\/2438\/revisions\/2441"}],"wp:attachment":[{"href":"https:\/\/hotel-sanary.fr\/it\/wp-json\/wp\/v2\/media?parent=2438"}],"curies":[{"name":"wp","href":"https:\/\/api.w.org\/{rel}","templated":true}]}}